{"id":25,"date":"2010-10-10T12:24:05","date_gmt":"2010-10-10T12:24:05","guid":{"rendered":"http:\/\/rechtsportlich.net\/?page_id=25"},"modified":"2017-01-02T15:28:47","modified_gmt":"2017-01-02T13:28:47","slug":"uber-uns","status":"publish","type":"page","link":"http:\/\/rechtsportlich.net\/?page_id=25","title":{"rendered":"\u00dcber uns"},"content":{"rendered":"<p><strong>Schickhardt Rechtsanw\u00e4lte<\/strong><br \/>\nRechtsanwaltspartnerschaft<\/p>\n<p>Schickhardt Rechtsanw\u00e4lte ist eine hoch spezialisierte, in Deutschland f\u00fchrende Anwaltsboutique im Bereich des professionellen Sport- und Entertainmentrechts. In Schickhardt Rechtsanw\u00e4lte stecken 35 Jahre Erfahrung bez\u00fcglich dieser hoch komplizierten und mit vielen Fallstricken versehenen Gesch\u00e4ftsbereiche. Die ausgesuchte Expertise, die jahrzehntelange Erfahrung und das Ansehen im In- und Ausland sorgen daf\u00fcr, dass die Mandanten auf der sicheren Seite sind. Unsere Mandatsverh\u00e4ltnisse sind auf Dauer angelegt und stellen eine zuverl\u00e4ssige, qualitativ hochwertige Beratung und Begleitung oft w\u00e4hrend der gesamten Karriere dar. Seit Jahrzehnten vertrauen namhafte deutsche und internationale Fu\u00dfballclubs, f\u00fchrende Profisportler aus den popul\u00e4rsten Sportarten, bekannte Trainer und Manager, Musiker, K\u00fcnstler, Plattenlabels, Filmschaffende, aber auch \u00fcberregionale und international aufgestellte Gro\u00dfunternehmen auf Schickhardt Rechtsanw\u00e4lte. Das hohe Ansehen der Kanzlei \u00fcbertr\u00e4gt sich auf die Mandanten und sichert durch Zuverl\u00e4ssigkeit, Vertrauen, Kompetenz und Durchsetzungsst\u00e4rke deren Erfolg.<\/p>\n<p>&nbsp;<\/p>\n","protected":false},"excerpt":{"rendered":"<p>Schickhardt Rechtsanw\u00e4lte Rechtsanwaltspartnerschaft Schickhardt Rechtsanw\u00e4lte ist eine hoch spezialisierte, in Deutschland f\u00fchrende Anwaltsboutique im Bereich des professionellen Sport- und Entertainmentrechts. In Schickhardt Rechtsanw\u00e4lte stecken 35 Jahre Erfahrung bez\u00fcglich dieser hoch komplizierten und mit vielen Fallstricken versehenen Gesch\u00e4ftsbereiche. Die ausgesuchte Expertise, die jahrzehntelange Erfahrung und das Ansehen im In- und Ausland sorgen daf\u00fcr, dass die Mandanten &hellip; <\/p>\n<p class=\"link-more\"><a href=\"http:\/\/rechtsportlich.net\/?page_id=25\" class=\"more-link\"><span class=\"screen-reader-text\">\u201e\u00dcber uns\u201c<\/span> weiterlesen<\/a><\/p>\n","protected":false},"author":1,"featured_media":0,"parent":0,"menu_order":3,"comment_status":"closed","ping_status":"closed","template":"","meta":[],"aioseo_notices":[],"_links":{"self":[{"href":"http:\/\/rechtsportlich.net\/index.php?rest_route=\/wp\/v2\/pages\/25"}],"collection":[{"href":"http:\/\/rechtsportlich.net\/index.php?rest_route=\/wp\/v2\/pages"}],"about":[{"href":"http:\/\/rechtsportlich.net\/index.php?rest_route=\/wp\/v2\/types\/page"}],"author":[{"embeddable":true,"href":"http:\/\/rechtsportlich.net\/index.php?rest_route=\/wp\/v2\/users\/1"}],"replies":[{"embeddable":true,"href":"http:\/\/rechtsportlich.net\/index.php?rest_route=%2Fwp%2Fv2%2Fcomments&post=25"}],"version-history":[{"count":17,"href":"http:\/\/rechtsportlich.net\/index.php?rest_route=\/wp\/v2\/pages\/25\/revisions"}],"predecessor-version":[{"id":2471,"href":"http:\/\/rechtsportlich.net\/index.php?rest_route=\/wp\/v2\/pages\/25\/revisions\/2471"}],"wp:attachment":[{"href":"http:\/\/rechtsportlich.net\/index.php?rest_route=%2Fwp%2Fv2%2Fmedia&parent=25"}],"curies":[{"name":"wp","href":"https:\/\/api.w.org\/{rel}","templated":true}]}}