{"id":6,"date":"2010-10-10T12:18:07","date_gmt":"2010-10-10T12:18:07","guid":{"rendered":"http:\/\/rechtsportlich.net\/?page_id=6"},"modified":"2020-11-11T10:13:27","modified_gmt":"2020-11-11T08:13:27","slug":"impressum","status":"publish","type":"page","link":"http:\/\/rechtsportlich.net\/?page_id=6","title":{"rendered":"Impressum"},"content":{"rendered":"<p>rechtsportlich.net \/ rechtsportlich.info ist ein Angebot von:<\/p>\n<p><strong>Schickhardt Rechtsanw\u00e4lte<\/strong><br \/>\nArsenalstra\u00dfe 2<br \/>\n71638 Ludwigsburg<br \/>\ninfo@rechtsportlich.net<\/p>\n<p><a href=\"http:\/\/www.schickhardt-law.com\">www.schickhardt-law.com<\/a><\/p>\n<p>Inhaltlich verantwortlich: Prof. Dr. Ralf Kitzberger, LL.M. (Anschrift wie oben)<\/p>\n<p>Schickhardt Rechtsanw\u00e4lte ist eine Gesellschaft des b\u00fcrgerlichen Rechts (GbR). Vertretungsberechtigte Gesellschafter sind Christoph Schickhardt, Joachim Rain, Ralf Kitzberger, Leonie Frank, Wolfgang Frank.<\/p>\n<p>Alle Rechtsanw\u00e4lte sind Mitglieder der <a href=\"http:\/\/www.rak-stuttgart.de\/\" target=\"_blank\" rel=\"noopener noreferrer\">RECHTSANWALTSKAMMER STUTTGART<\/a>,<br \/>\nK\u00f6nigstra\u00dfe 14, 70173 Stuttgart<\/p>\n<p>Es gelten folgende BERUFS- UND GEB\u00dcHRENORDNUNGEN:<\/p>\n<ul>\n<li><a href=\"http:\/\/bundesrecht.juris.de\/bundesrecht\/brao\/\" target=\"_blank\" rel=\"noopener noreferrer\">Bundesrechtsanwaltsordnung (BRAO)<\/a><\/li>\n<li><a href=\"http:\/\/www.brak.de\/seiten\/06.php\" target=\"_blank\" rel=\"noopener noreferrer\">Berufsordnung f\u00fcr Rechtsanw\u00e4lte (BORA)<\/a><\/li>\n<li><a href=\"http:\/\/www.brak.de\/seiten\/06.php\" target=\"_blank\" rel=\"noopener noreferrer\">Fachanwaltsordnung (FAO)<\/a><\/li>\n<li><a href=\"http:\/\/bundesrecht.juris.de\/rvg\/index.html\" target=\"_blank\" rel=\"noopener noreferrer\">Gesetz \u00fcber die Verg\u00fctung der Rechtsanw\u00e4ltinnen und Rechtsanw\u00e4lte<\/a><\/li>\n<li><a href=\"http:\/\/www.brak.de\/seiten\/pdf\/EuRAG.pdf\" target=\"_blank\" rel=\"noopener noreferrer\">Gesetz \u00fcber die T\u00e4tigkeit europaischer Rechtsanw\u00e4lte in Deutschland (EuRAG)<\/a><\/li>\n<\/ul>\n<p>Eine Berufshaftpflichtversicherung ist bei der Allianz Versicherungs-AG, 10900 Berlin vorhanden. Rechtsanw\u00e4ltinnen und Rechtsanw\u00e4lte sind aufgrund der Bundesrechtsanwalts\u00adordnung verpflichtet, eine Berufshaftpflichtversicherung mit einer Mindestversicherungssumme von 250.000,00 \u20ac zu unterhalten, gem. <a href=\"http:\/\/dejure.org\/gesetze\/BRAO\/51.html\" target=\"_blank\" title=\"&sect; 51 BRAO: Berufshaftpflichtversicherung\">\u00a7 51 BRAO<\/a>.<\/p>\n<p><strong>Das Impressum gilt auch f\u00fcr folgende Social-Media-Profile:<\/strong><\/p>\n<p>Facebook: <a href=\"https:\/\/www.facebook.com\/rechtsportlich\" target=\"_blank\" rel=\"noopener noreferrer\">https:\/\/www.facebook.com\/rechtsportlich<\/a><br \/>\nXing: <a href=\"https:\/\/www.xing.com\/profile\/Ralf_Kitzberger\" target=\"_blank\" rel=\"noopener noreferrer\">https:\/\/www.xing.com\/profile\/Ralf_Kitzberger<\/a><\/p>\n<p><em>Bildnachweise:<\/em><\/p>\n<p>Headergrafik: arturbo \/ istockphoto.com<br \/>\nrechtsportlich.net verwendet zudem Bilder der Bilddatenbank <a href=\"http:\/\/www.pixelio.de\" target=\"_blank\" rel=\"noopener noreferrer\">pixelio.de<\/a><\/p>\n","protected":false},"excerpt":{"rendered":"<p>rechtsportlich.net \/ rechtsportlich.info ist ein Angebot von: Schickhardt Rechtsanw\u00e4lte Arsenalstra\u00dfe 2 71638 Ludwigsburg info@rechtsportlich.net www.schickhardt-law.com Inhaltlich verantwortlich: Prof. Dr. Ralf Kitzberger, LL.M. (Anschrift wie oben) Schickhardt Rechtsanw\u00e4lte ist eine Gesellschaft des b\u00fcrgerlichen Rechts (GbR). Vertretungsberechtigte Gesellschafter sind Christoph Schickhardt, Joachim Rain, Ralf Kitzberger, Leonie Frank, Wolfgang Frank. Alle Rechtsanw\u00e4lte sind Mitglieder der RECHTSANWALTSKAMMER STUTTGART, K\u00f6nigstra\u00dfe &hellip; <\/p>\n<p class=\"link-more\"><a href=\"http:\/\/rechtsportlich.net\/?page_id=6\" class=\"more-link\"><span class=\"screen-reader-text\">\u201eImpressum\u201c<\/span> weiterlesen<\/a><\/p>\n","protected":false},"author":1,"featured_media":0,"parent":0,"menu_order":10,"comment_status":"closed","ping_status":"closed","template":"","meta":[],"aioseo_notices":[],"_links":{"self":[{"href":"http:\/\/rechtsportlich.net\/index.php?rest_route=\/wp\/v2\/pages\/6"}],"collection":[{"href":"http:\/\/rechtsportlich.net\/index.php?rest_route=\/wp\/v2\/pages"}],"about":[{"href":"http:\/\/rechtsportlich.net\/index.php?rest_route=\/wp\/v2\/types\/page"}],"author":[{"embeddable":true,"href":"http:\/\/rechtsportlich.net\/index.php?rest_route=\/wp\/v2\/users\/1"}],"replies":[{"embeddable":true,"href":"http:\/\/rechtsportlich.net\/index.php?rest_route=%2Fwp%2Fv2%2Fcomments&post=6"}],"version-history":[{"count":26,"href":"http:\/\/rechtsportlich.net\/index.php?rest_route=\/wp\/v2\/pages\/6\/revisions"}],"predecessor-version":[{"id":2977,"href":"http:\/\/rechtsportlich.net\/index.php?rest_route=\/wp\/v2\/pages\/6\/revisions\/2977"}],"wp:attachment":[{"href":"http:\/\/rechtsportlich.net\/index.php?rest_route=%2Fwp%2Fv2%2Fmedia&parent=6"}],"curies":[{"name":"wp","href":"https:\/\/api.w.org\/{rel}","templated":true}]}}